{"id":2,"date":"2012-02-22T03:05:11","date_gmt":"2012-02-22T02:05:11","guid":{"rendered":"http:\/\/qbk.pl\/blog\/?page_id=2"},"modified":"2019-08-05T21:37:09","modified_gmt":"2019-08-05T19:37:09","slug":"o-autorze","status":"publish","type":"page","link":"https:\/\/qbk.pl\/blog\/index.php\/o-autorze\/","title":{"rendered":"O Autorze"},"content":{"rendered":"<p><a href=\"https:\/\/qbk.pl\/blog\/index.php\/o-autorze\/\"><img loading=\"lazy\" decoding=\"async\" class=\"alignleft\" src=\"\/\/qbk.pl\/blog.fotki\/images\/avatar_200.jpg\" alt=\"fot. Natalia Dobryszycka\" width=\"200\" height=\"200\" \/><\/a><br \/>\nFotografuj\u0119 i podr\u00f3\u017cuj\u0119 tu i \u00f3wdzie, z lekkim plecakiem i ci\u0119\u017ckim aparatem. Pieszo, \u0142odzi\u0105, azjatyckim tut-tukiem i afryka\u0144skim tro-tro, indyjsk\u0105 ryksz\u0105, poci\u0105giem, metrem, sky-train&#8217;em, autobusem, skuterem lub samolotem. Zawodowo hackuj\u0119 systemy i aplikacje, pij\u0119 du\u017co kawy, pal\u0119 e-papierosy i wpisuj\u0119 g\u0142upie opisy p\u00f3\u017ano w nocy.<\/p>\n<p>Poza tym lubi\u0119 zup\u0119 grzybow\u0105 :)<\/p>\n<p>Kuba G\u0142\u0119bicki<\/p>\n<p><a href=\"http:\/\/instagram.com\/kubaglebicki\" target=\"_blank\" rel=\"noopener noreferrer\"><img loading=\"lazy\" decoding=\"async\" title=\"Instagram\" src=\"\/\/qbk.pl\/blog.fotki\/images\/instagram32.png\" width=\"32\" height=\"32\" \/><\/a> <a href=\"mailto:kuba.glebicki@gmail.com?subject=Ja w sprawie bloga...\"><img loading=\"lazy\" decoding=\"async\" title=\"Email\" src=\"\/\/qbk.pl\/blog.fotki\/images\/email32.png\" width=\"32\" height=\"32\" \/><\/a> <a href=\"http:\/\/www.facebook.com\/kubaglebicki\" target=\"_blank\" rel=\"noopener noreferrer\"><img loading=\"lazy\" decoding=\"async\" title=\"Facebook\" src=\"\/\/qbk.pl\/blog.fotki\/images\/facebook32.png\" width=\"32\" height=\"32\" \/><\/a><\/p>\n","protected":false},"excerpt":{"rendered":"<p>Fotografuj\u0119 i podr\u00f3\u017cuj\u0119 tu i \u00f3wdzie, z lekkim plecakiem i ci\u0119\u017ckim aparatem. Pieszo, \u0142odzi\u0105, azjatyckim tut-tukiem i afryka\u0144skim tro-tro, indyjsk\u0105 ryksz\u0105, poci\u0105giem, metrem, sky-train&#8217;em, autobusem, skuterem lub samolotem. Zawodowo hackuj\u0119 systemy i aplikacje, pij\u0119 du\u017co kawy, pal\u0119 e-papierosy i wpisuj\u0119 g\u0142upie opisy p\u00f3\u017ano w nocy. Poza tym lubi\u0119 zup\u0119 grzybow\u0105 :) Kuba G\u0142\u0119bicki<\/p>\n","protected":false},"author":1,"featured_media":0,"parent":0,"menu_order":0,"comment_status":"open","ping_status":"closed","template":"","meta":{"footnotes":""},"class_list":["post-2","page","type-page","status-publish","hentry","entry"],"_links":{"self":[{"href":"https:\/\/qbk.pl\/blog\/index.php\/wp-json\/wp\/v2\/pages\/2","targetHints":{"allow":["GET"]}}],"collection":[{"href":"https:\/\/qbk.pl\/blog\/index.php\/wp-json\/wp\/v2\/pages"}],"about":[{"href":"https:\/\/qbk.pl\/blog\/index.php\/wp-json\/wp\/v2\/types\/page"}],"author":[{"embeddable":true,"href":"https:\/\/qbk.pl\/blog\/index.php\/wp-json\/wp\/v2\/users\/1"}],"replies":[{"embeddable":true,"href":"https:\/\/qbk.pl\/blog\/index.php\/wp-json\/wp\/v2\/comments?post=2"}],"version-history":[{"count":45,"href":"https:\/\/qbk.pl\/blog\/index.php\/wp-json\/wp\/v2\/pages\/2\/revisions"}],"predecessor-version":[{"id":4534,"href":"https:\/\/qbk.pl\/blog\/index.php\/wp-json\/wp\/v2\/pages\/2\/revisions\/4534"}],"wp:attachment":[{"href":"https:\/\/qbk.pl\/blog\/index.php\/wp-json\/wp\/v2\/media?parent=2"}],"curies":[{"name":"wp","href":"https:\/\/api.w.org\/{rel}","templated":true}]}}