{"id":2332,"date":"2013-09-13T15:53:28","date_gmt":"2013-09-13T13:53:28","guid":{"rendered":"http:\/\/qbk.pl\/blog\/?page_id=2332"},"modified":"2015-08-30T22:52:14","modified_gmt":"2015-08-30T20:52:14","slug":"galeria-w-drodze-gliniada","status":"publish","type":"page","link":"https:\/\/qbk.pl\/blog\/index.php\/galerie-w-drodze\/galeria-w-drodze-gliniada\/","title":{"rendered":"Galeria w Drodze \u2013 Gliniada"},"content":{"rendered":"<p>[swf src=&#8221;https:\/\/qbk.pl\/blog.inne\/Galeria_Metra_607_Glebicki_Kuba_Gliniada.swf&#8221; height=&#8221;684&#8243; width=&#8221;990&#8243;]<\/p>\n<p>Warszawskie metro i autobusy, galeria CityINFOtv, 13-20 wrze\u015bnia 2013<\/p>\n<p>Wi\u0119cej zdj\u0119\u0107: <a href=\"https:\/\/qbk.pl\/blog\/gliniada\/\">https:\/\/qbk.pl\/blog\/gliniada\/<\/a><\/p>\n","protected":false},"excerpt":{"rendered":"<p>[swf src=&#8221;https:\/\/qbk.pl\/blog.inne\/Galeria_Metra_607_Glebicki_Kuba_Gliniada.swf&#8221; height=&#8221;684&#8243; width=&#8221;990&#8243;] Warszawskie metro i autobusy, galeria CityINFOtv, 13-20 wrze\u015bnia 2013 Wi\u0119cej zdj\u0119\u0107: https:\/\/qbk.pl\/blog\/gliniada\/<\/p>\n","protected":false},"author":1,"featured_media":0,"parent":2001,"menu_order":0,"comment_status":"open","ping_status":"closed","template":"","meta":{"footnotes":""},"class_list":["post-2332","page","type-page","status-publish","hentry","entry"],"_links":{"self":[{"href":"https:\/\/qbk.pl\/blog\/index.php\/wp-json\/wp\/v2\/pages\/2332","targetHints":{"allow":["GET"]}}],"collection":[{"href":"https:\/\/qbk.pl\/blog\/index.php\/wp-json\/wp\/v2\/pages"}],"about":[{"href":"https:\/\/qbk.pl\/blog\/index.php\/wp-json\/wp\/v2\/types\/page"}],"author":[{"embeddable":true,"href":"https:\/\/qbk.pl\/blog\/index.php\/wp-json\/wp\/v2\/users\/1"}],"replies":[{"embeddable":true,"href":"https:\/\/qbk.pl\/blog\/index.php\/wp-json\/wp\/v2\/comments?post=2332"}],"version-history":[{"count":7,"href":"https:\/\/qbk.pl\/blog\/index.php\/wp-json\/wp\/v2\/pages\/2332\/revisions"}],"predecessor-version":[{"id":3854,"href":"https:\/\/qbk.pl\/blog\/index.php\/wp-json\/wp\/v2\/pages\/2332\/revisions\/3854"}],"up":[{"embeddable":true,"href":"https:\/\/qbk.pl\/blog\/index.php\/wp-json\/wp\/v2\/pages\/2001"}],"wp:attachment":[{"href":"https:\/\/qbk.pl\/blog\/index.php\/wp-json\/wp\/v2\/media?parent=2332"}],"curies":[{"name":"wp","href":"https:\/\/api.w.org\/{rel}","templated":true}]}}