{"id":2381,"date":"2013-09-26T18:52:49","date_gmt":"2013-09-26T16:52:49","guid":{"rendered":"http:\/\/qbk.pl\/blog\/?page_id=2381"},"modified":"2016-08-16T23:38:43","modified_gmt":"2016-08-16T21:38:43","slug":"festiwal-kolorow","status":"publish","type":"page","link":"https:\/\/qbk.pl\/blog\/index.php\/galerie-w-drodze\/festiwal-kolorow\/","title":{"rendered":"Galeria w Drodze \u2013 Festiwal Kolor\u00f3w"},"content":{"rendered":"<p>[swf src=&#8221;https:\/\/qbk.pl\/blog.inne\/Galeria_Metra_612_Glebicki_Kuba_Festiwal_kolorow.swf&#8221; width=&#8221;900&#8243; height=&#8221;684&#8243;]<\/p>\n<p>Warszawskie metro i autobusy, galeria CityINFOtv. 27 wrze\u015bnia &#8211; 4 pa\u017adziernika 2013<\/p>\n<p>Wi\u0119cej zdj\u0119\u0107: <a href=\"https:\/\/qbk.pl\/blog\/drugi-warszawski-festiwal-kolorow\/\">https:\/\/qbk.pl\/blog\/drugi-warszawski-festiwal-kolorow\/<\/a><\/p>\n<p>O festiwalu: <a href=\"http:\/\/www.facebook.com\/Festiwal.Kolorow\/\">http:\/\/www.facebook.com\/Festiwal.Kolorow\/<\/a><\/p>\n","protected":false},"excerpt":{"rendered":"<p>[swf src=&#8221;https:\/\/qbk.pl\/blog.inne\/Galeria_Metra_612_Glebicki_Kuba_Festiwal_kolorow.swf&#8221; width=&#8221;900&#8243; height=&#8221;684&#8243;] Warszawskie metro i autobusy, galeria CityINFOtv. 27 wrze\u015bnia &#8211; 4 pa\u017adziernika 2013 Wi\u0119cej zdj\u0119\u0107: https:\/\/qbk.pl\/blog\/drugi-warszawski-festiwal-kolorow\/ O festiwalu: http:\/\/www.facebook.com\/Festiwal.Kolorow\/<\/p>\n","protected":false},"author":1,"featured_media":0,"parent":2001,"menu_order":0,"comment_status":"open","ping_status":"open","template":"","meta":{"footnotes":""},"class_list":["post-2381","page","type-page","status-publish","hentry","entry"],"_links":{"self":[{"href":"https:\/\/qbk.pl\/blog\/index.php\/wp-json\/wp\/v2\/pages\/2381","targetHints":{"allow":["GET"]}}],"collection":[{"href":"https:\/\/qbk.pl\/blog\/index.php\/wp-json\/wp\/v2\/pages"}],"about":[{"href":"https:\/\/qbk.pl\/blog\/index.php\/wp-json\/wp\/v2\/types\/page"}],"author":[{"embeddable":true,"href":"https:\/\/qbk.pl\/blog\/index.php\/wp-json\/wp\/v2\/users\/1"}],"replies":[{"embeddable":true,"href":"https:\/\/qbk.pl\/blog\/index.php\/wp-json\/wp\/v2\/comments?post=2381"}],"version-history":[{"count":5,"href":"https:\/\/qbk.pl\/blog\/index.php\/wp-json\/wp\/v2\/pages\/2381\/revisions"}],"predecessor-version":[{"id":4134,"href":"https:\/\/qbk.pl\/blog\/index.php\/wp-json\/wp\/v2\/pages\/2381\/revisions\/4134"}],"up":[{"embeddable":true,"href":"https:\/\/qbk.pl\/blog\/index.php\/wp-json\/wp\/v2\/pages\/2001"}],"wp:attachment":[{"href":"https:\/\/qbk.pl\/blog\/index.php\/wp-json\/wp\/v2\/media?parent=2381"}],"curies":[{"name":"wp","href":"https:\/\/api.w.org\/{rel}","templated":true}]}}