{"id":2501,"date":"2013-12-18T13:15:33","date_gmt":"2013-12-18T12:15:33","guid":{"rendered":"http:\/\/qbk.pl\/blog\/?page_id=2501"},"modified":"2015-08-30T22:52:42","modified_gmt":"2015-08-30T20:52:42","slug":"galeria-w-drodze-zima-w-tatrach","status":"publish","type":"page","link":"https:\/\/qbk.pl\/blog\/index.php\/galerie-w-drodze\/galeria-w-drodze-zima-w-tatrach\/","title":{"rendered":"Galeria w Drodze \u2013 Zima w Tatrach"},"content":{"rendered":"<p>[swf src=&#8221;https:\/\/qbk.pl\/blog.inne\/Galeria_Metra_647_Glebicki_Kuba_Zima_w_Tatrach.swf&#8221; height=&#8221;684&#8243; width=&#8221;990&#8243;]<\/p>\n<p>Warszawskie metro i niekt\u00f3re autobusy, galeria CityINFOtv. 20-27 grudnia 2013<\/p>\n<p>Wi\u0119cej zdj\u0119\u0107: <a href=\"https:\/\/qbk.pl\/blog\/trzeci-stopien-zagrozenia-lawinowego-w-tatrach\/\">https:\/\/qbk.pl\/blog\/trzeci-stopien-zagrozenia-lawinowego-w-tatrach\/<\/a><\/p>\n","protected":false},"excerpt":{"rendered":"<p>[swf src=&#8221;https:\/\/qbk.pl\/blog.inne\/Galeria_Metra_647_Glebicki_Kuba_Zima_w_Tatrach.swf&#8221; height=&#8221;684&#8243; width=&#8221;990&#8243;] Warszawskie metro i niekt\u00f3re autobusy, galeria CityINFOtv. 20-27 grudnia 2013 Wi\u0119cej zdj\u0119\u0107: https:\/\/qbk.pl\/blog\/trzeci-stopien-zagrozenia-lawinowego-w-tatrach\/<\/p>\n","protected":false},"author":1,"featured_media":0,"parent":2001,"menu_order":0,"comment_status":"open","ping_status":"open","template":"","meta":{"footnotes":""},"class_list":["post-2501","page","type-page","status-publish","hentry","entry"],"_links":{"self":[{"href":"https:\/\/qbk.pl\/blog\/index.php\/wp-json\/wp\/v2\/pages\/2501","targetHints":{"allow":["GET"]}}],"collection":[{"href":"https:\/\/qbk.pl\/blog\/index.php\/wp-json\/wp\/v2\/pages"}],"about":[{"href":"https:\/\/qbk.pl\/blog\/index.php\/wp-json\/wp\/v2\/types\/page"}],"author":[{"embeddable":true,"href":"https:\/\/qbk.pl\/blog\/index.php\/wp-json\/wp\/v2\/users\/1"}],"replies":[{"embeddable":true,"href":"https:\/\/qbk.pl\/blog\/index.php\/wp-json\/wp\/v2\/comments?post=2501"}],"version-history":[{"count":3,"href":"https:\/\/qbk.pl\/blog\/index.php\/wp-json\/wp\/v2\/pages\/2501\/revisions"}],"predecessor-version":[{"id":3858,"href":"https:\/\/qbk.pl\/blog\/index.php\/wp-json\/wp\/v2\/pages\/2501\/revisions\/3858"}],"up":[{"embeddable":true,"href":"https:\/\/qbk.pl\/blog\/index.php\/wp-json\/wp\/v2\/pages\/2001"}],"wp:attachment":[{"href":"https:\/\/qbk.pl\/blog\/index.php\/wp-json\/wp\/v2\/media?parent=2501"}],"curies":[{"name":"wp","href":"https:\/\/api.w.org\/{rel}","templated":true}]}}