{"id":3142,"date":"2014-03-05T11:40:19","date_gmt":"2014-03-05T10:40:19","guid":{"rendered":"http:\/\/qbk.pl\/blog\/?page_id=3142"},"modified":"2015-08-30T22:52:24","modified_gmt":"2015-08-30T20:52:24","slug":"galeria-w-drodze-koh-rong","status":"publish","type":"page","link":"https:\/\/qbk.pl\/blog\/index.php\/galerie-w-drodze\/galeria-w-drodze-koh-rong\/","title":{"rendered":"Galeria w Drodze \u2013 Koh Rong"},"content":{"rendered":"<p>[swf src=&#8221;https:\/\/qbk.pl\/blog.inne\/Galeria_Metra_673_Glebicki_Kuba_Wyspa_Koh_Rong.swf&#8221; height=&#8221;684&#8243; width=&#8221;990&#8243;]<\/p>\n<p>Warszawskie metro i autobusy, galeria CityINFOtv, 7-14 marca 2014<\/p>\n<p>Wi\u0119cej zdj\u0119\u0107 z Koh Rong tutaj: <a href=\"https:\/\/qbk.pl\/blog\/?s=koh+rong\">https:\/\/qbk.pl\/blog\/?s=koh+rong<\/a><\/p>\n","protected":false},"excerpt":{"rendered":"<p>[swf src=&#8221;https:\/\/qbk.pl\/blog.inne\/Galeria_Metra_673_Glebicki_Kuba_Wyspa_Koh_Rong.swf&#8221; height=&#8221;684&#8243; width=&#8221;990&#8243;] Warszawskie metro i autobusy, galeria CityINFOtv, 7-14 marca 2014 Wi\u0119cej zdj\u0119\u0107 z Koh Rong tutaj: https:\/\/qbk.pl\/blog\/?s=koh+rong<\/p>\n","protected":false},"author":1,"featured_media":0,"parent":2001,"menu_order":0,"comment_status":"open","ping_status":"open","template":"","meta":{"footnotes":""},"class_list":["post-3142","page","type-page","status-publish","hentry","entry"],"_links":{"self":[{"href":"https:\/\/qbk.pl\/blog\/index.php\/wp-json\/wp\/v2\/pages\/3142","targetHints":{"allow":["GET"]}}],"collection":[{"href":"https:\/\/qbk.pl\/blog\/index.php\/wp-json\/wp\/v2\/pages"}],"about":[{"href":"https:\/\/qbk.pl\/blog\/index.php\/wp-json\/wp\/v2\/types\/page"}],"author":[{"embeddable":true,"href":"https:\/\/qbk.pl\/blog\/index.php\/wp-json\/wp\/v2\/users\/1"}],"replies":[{"embeddable":true,"href":"https:\/\/qbk.pl\/blog\/index.php\/wp-json\/wp\/v2\/comments?post=3142"}],"version-history":[{"count":4,"href":"https:\/\/qbk.pl\/blog\/index.php\/wp-json\/wp\/v2\/pages\/3142\/revisions"}],"predecessor-version":[{"id":3856,"href":"https:\/\/qbk.pl\/blog\/index.php\/wp-json\/wp\/v2\/pages\/3142\/revisions\/3856"}],"up":[{"embeddable":true,"href":"https:\/\/qbk.pl\/blog\/index.php\/wp-json\/wp\/v2\/pages\/2001"}],"wp:attachment":[{"href":"https:\/\/qbk.pl\/blog\/index.php\/wp-json\/wp\/v2\/media?parent=3142"}],"curies":[{"name":"wp","href":"https:\/\/api.w.org\/{rel}","templated":true}]}}