{"id":3850,"date":"2015-08-30T22:32:25","date_gmt":"2015-08-30T20:32:25","guid":{"rendered":"http:\/\/qbk.pl\/blog\/?page_id=3850"},"modified":"2015-08-30T22:47:43","modified_gmt":"2015-08-30T20:47:43","slug":"galeria-w-drodze-stambul","status":"publish","type":"page","link":"https:\/\/qbk.pl\/blog\/index.php\/galerie-w-drodze\/galeria-w-drodze-stambul\/","title":{"rendered":"Galeria w Drodze \u2013 Stambu\u0142"},"content":{"rendered":"<p>[swf src=&#8221;https:\/\/qbk.pl\/blog.inne\/Galeria_Metra_815_Glebicki_Kuba_Stambul.swf&#8221; width=&#8221;900&#8243; height=&#8221;684&#8243;]<\/p>\n<p>Warszawskie metro i autobusy oraz PKP Pendolino, galeria CityINFOtv, 31.08-7.09 2015<\/p>\n<p>Wi\u0119cej zdj\u0119\u0107 ze Sambu\u0142u tutaj: <a href=\"https:\/\/qbk.pl\/blog\/stambul\/\">https:\/\/qbk.pl\/blog\/stambul\/<\/a><\/p>\n","protected":false},"excerpt":{"rendered":"<p>[swf src=&#8221;https:\/\/qbk.pl\/blog.inne\/Galeria_Metra_815_Glebicki_Kuba_Stambul.swf&#8221; width=&#8221;900&#8243; height=&#8221;684&#8243;] Warszawskie metro i autobusy oraz PKP Pendolino, galeria CityINFOtv, 31.08-7.09 2015 Wi\u0119cej zdj\u0119\u0107 ze Sambu\u0142u tutaj: https:\/\/qbk.pl\/blog\/stambul\/<\/p>\n","protected":false},"author":1,"featured_media":0,"parent":2001,"menu_order":0,"comment_status":"closed","ping_status":"closed","template":"","meta":{"footnotes":""},"class_list":["post-3850","page","type-page","status-publish","hentry","entry"],"_links":{"self":[{"href":"https:\/\/qbk.pl\/blog\/index.php\/wp-json\/wp\/v2\/pages\/3850","targetHints":{"allow":["GET"]}}],"collection":[{"href":"https:\/\/qbk.pl\/blog\/index.php\/wp-json\/wp\/v2\/pages"}],"about":[{"href":"https:\/\/qbk.pl\/blog\/index.php\/wp-json\/wp\/v2\/types\/page"}],"author":[{"embeddable":true,"href":"https:\/\/qbk.pl\/blog\/index.php\/wp-json\/wp\/v2\/users\/1"}],"replies":[{"embeddable":true,"href":"https:\/\/qbk.pl\/blog\/index.php\/wp-json\/wp\/v2\/comments?post=3850"}],"version-history":[{"count":2,"href":"https:\/\/qbk.pl\/blog\/index.php\/wp-json\/wp\/v2\/pages\/3850\/revisions"}],"predecessor-version":[{"id":3853,"href":"https:\/\/qbk.pl\/blog\/index.php\/wp-json\/wp\/v2\/pages\/3850\/revisions\/3853"}],"up":[{"embeddable":true,"href":"https:\/\/qbk.pl\/blog\/index.php\/wp-json\/wp\/v2\/pages\/2001"}],"wp:attachment":[{"href":"https:\/\/qbk.pl\/blog\/index.php\/wp-json\/wp\/v2\/media?parent=3850"}],"curies":[{"name":"wp","href":"https:\/\/api.w.org\/{rel}","templated":true}]}}