{"id":4455,"date":"2018-06-09T15:01:20","date_gmt":"2018-06-09T13:01:20","guid":{"rendered":"https:\/\/qbk.pl\/blog\/?page_id=4455"},"modified":"2020-11-22T18:05:53","modified_gmt":"2020-11-22T17:05:53","slug":"polityka-prywatnosci","status":"publish","type":"page","link":"https:\/\/qbk.pl\/blog\/index.php\/polityka-prywatnosci\/","title":{"rendered":"Polityka prywatno\u015bci"},"content":{"rendered":"<h1>Polityka prywatno\u015bci<\/h1>\n<h2>Przetwarzanie danych<\/h2>\n<p>Na blogu qbk.pl mog\u0119 przetwarza\u0107 Twoje dane osobowe. Zachodzi to tylko wtedy gdy skomentujesz kt\u00f3ry\u015b ze wpis\u00f3w i podasz przy tym swoje dane lub adres email. Mo\u017cesz t\u0119 cz\u0119\u015b\u0107 formularza pozostawi\u0107 pust\u0105, formularz nie wymusza wype\u0142nienia p\u00f3l &#8222;e-mail&#8221; i &#8222;podpis&#8221;.<\/p>\n<p>W ka\u017cdej chwili mo\u017cesz poprosi\u0107 o eksport swoich danych lub ich usuni\u0119cie.<\/p>\n<h2>Jakich technologii u\u017cywam?<\/h2>\n<p>Google Analytics oraz Google Tag Manager &#8211; zanonimizowane statystyki odwiedzin, analityka strony.<\/p>\n<p>Cookies &#8211; na potrzeby Google Analytics.\u00a0Mo\u017cesz je wy\u0142\u0105czy\u0107, zmodyfikowa\u0107 lub zablokowa\u0107, nie maj\u0105 wp\u0142ywu na wygl\u0105d oraz tre\u015b\u0107 serwisu. Je\u017celi chcesz blokowa\u0107 cookies to polecam Ci dodatek do przegl\u0105darek uBlock Orgin &#8211; sam go u\u017cywam w tym celu.<\/p>\n<p>Akismet &#8211; wtyczka kt\u00f3ra blokuje niechciane, spamowe komentarze na blogu. Jest aktywowana tylko wtedy, kiedy napiszesz komentarz do jednego z moich wpis\u00f3w. Akismet ma w\u0142asn\u0105 polityk\u0119 prywatno\u015bci, mo\u017cesz j\u0105 znale\u017a\u0107 tutaj: <a href=\"https:\/\/automattic.com\/privacy-notice\/\">https:\/\/automattic.com\/privacy-notice\/<\/a><\/p>\n<p>Logi serwera www &#8211; blog qbk.pl jest opublikowany na w\u0142asnym serwerze i mam dost\u0119p do log\u00f3w serwera www. U\u017cywam ich wy\u0142\u0105cznie do diagnostyki technicznej strony. Logi s\u0105 przechowywane przez 30 dni i zawieraj\u0105: adres IP, pole User-Agent Twojej przegl\u0105darki, URLe odwiedzone w witrynie oraz przekierowania (je\u017celi wszed\u0142e\u015b na bloga z linka w innej witrynie &#8211; np. z google.com).<\/p>\n<h2>Reklamy na stronie<\/h2>\n<p>Na blogu qbk.pl nigdy nie by\u0142o i nigdy nie b\u0119dzie \u017cadnych reklam. Nie u\u017cywam te\u017c tracker\u00f3w i profilowania odwiedzaj\u0105cych stron\u0119.<\/p>\n<h2>Zgodno\u015b\u0107 z RODO<\/h2>\n<p>Prowadz\u0119 bloga qbk.pl prywatnie i nie mam dzia\u0142alno\u015bci gospodarczej wi\u0119c przepisy RODO go nie dotycz\u0105. Jednocze\u015bnie traktuj\u0119 ochron\u0119 Twoich danych bardzo powa\u017cnie i dbam o nie tak jakby to by\u0142y moje w\u0142asne dane. W tym celu stosuj\u0119 zar\u00f3wno zaawansowane metody techniczne ochrony danych, jak i przetwarzam je w pe\u0142nej zgodno\u015bci z przepisami RODO.<\/p>\n<h2>Jak si\u0119 ze mn\u0105 skontaktowa\u0107 w sprawie przetwarzania danych?<\/h2>\n<p>Kontakt od mnie znajdziesz na stronie\u00a0<a href=\"https:\/\/qbk.pl\/blog\/index.php\/o-autorze\/\">O Autorze<\/a><\/p>\n","protected":false},"excerpt":{"rendered":"<p>Polityka prywatno\u015bci Przetwarzanie danych Na blogu qbk.pl mog\u0119 przetwarza\u0107 Twoje dane osobowe. Zachodzi to tylko wtedy gdy skomentujesz kt\u00f3ry\u015b ze wpis\u00f3w i podasz przy tym swoje dane lub adres email. Mo\u017cesz t\u0119 cz\u0119\u015b\u0107 formularza pozostawi\u0107 pust\u0105, formularz nie wymusza wype\u0142nienia p\u00f3l &#8222;e-mail&#8221; i &#8222;podpis&#8221;. W ka\u017cdej chwili mo\u017cesz poprosi\u0107 o eksport swoich danych lub ich &hellip; <\/p>\n<p class=\"link-more\"><a href=\"https:\/\/qbk.pl\/blog\/index.php\/polityka-prywatnosci\/\" class=\"more-link\">Czytaj dalej<span class=\"screen-reader-text\"> \u201ePolityka prywatno\u015bci\u201d<\/span><\/a><\/p>\n","protected":false},"author":1,"featured_media":0,"parent":0,"menu_order":0,"comment_status":"closed","ping_status":"closed","template":"","meta":{"footnotes":""},"class_list":["post-4455","page","type-page","status-publish","hentry","entry"],"_links":{"self":[{"href":"https:\/\/qbk.pl\/blog\/index.php\/wp-json\/wp\/v2\/pages\/4455","targetHints":{"allow":["GET"]}}],"collection":[{"href":"https:\/\/qbk.pl\/blog\/index.php\/wp-json\/wp\/v2\/pages"}],"about":[{"href":"https:\/\/qbk.pl\/blog\/index.php\/wp-json\/wp\/v2\/types\/page"}],"author":[{"embeddable":true,"href":"https:\/\/qbk.pl\/blog\/index.php\/wp-json\/wp\/v2\/users\/1"}],"replies":[{"embeddable":true,"href":"https:\/\/qbk.pl\/blog\/index.php\/wp-json\/wp\/v2\/comments?post=4455"}],"version-history":[{"count":20,"href":"https:\/\/qbk.pl\/blog\/index.php\/wp-json\/wp\/v2\/pages\/4455\/revisions"}],"predecessor-version":[{"id":4554,"href":"https:\/\/qbk.pl\/blog\/index.php\/wp-json\/wp\/v2\/pages\/4455\/revisions\/4554"}],"wp:attachment":[{"href":"https:\/\/qbk.pl\/blog\/index.php\/wp-json\/wp\/v2\/media?parent=4455"}],"curies":[{"name":"wp","href":"https:\/\/api.w.org\/{rel}","templated":true}]}}